

{"id":125,"date":"2022-04-27T13:05:02","date_gmt":"2022-04-27T13:05:02","guid":{"rendered":"https:\/\/harbour-brillen.de\/wandsbek\/?page_id=125"},"modified":"2023-02-21T12:11:49","modified_gmt":"2023-02-21T12:11:49","slug":"datenschutz","status":"publish","type":"page","link":"https:\/\/harbour-brillen.de\/wandsbek\/datenschutz\/","title":{"rendered":"Datenschutzerkl\u00e4rung"},"content":{"rendered":"\n<p> <div class=\"wpcn-optout-box\"><a id=\"wpcn-optout-link\" href=\"#optout\" title=\"Ich m\u00f6chte der von mir erlassenen Cookie-Zustimmung widersprechen.\"><strong>Cookies:<\/strong> Ich m\u00f6chte der von mir erlassenen Cookie-Zustimmung widersprechen.<\/a><\/div> <br><br>Die Betreiber dieser Seiten nehmen den Schutz Ihrer Daten sehr ernst. Wir behandeln Ihre personenbezogenen Daten vertraulich und entsprechend der gesetzlichen Datenvorschriften sowie dieser Datenschutzerkl\u00e4rung.<br><br>Die Nutzung unserer Website ist in der Regel ohne Angabe personenbezogener Daten m\u00f6glich. Soweit auf unseren Seiten personenbezogene Daten (beispielsweise Name, Anschrift oder E-Mail-Adressen) erhoben werden, erfolgt dies, soweit m\u00f6glich, stets auf freiwilliger Basis. Diese Daten werden ohne Ihre ausdr\u00fcckliche Zustimmung nicht an Dritte weitergegeben.<br><br>Wir weisen darauf hin, dass die Daten\u00fcbertragung im Internet (z.B. bei der Kommunikation per E-Mail) Sicherheitsl\u00fccken aufweisen kann. Ein l\u00fcckenloser Schutz der Daten vor dem Zugriff durch Dritte ist nicht m\u00f6glich.<\/p>\n\n\n\n<p class=\"fat\">COOKIES<\/p>\n\n\n\n<p>Die Internetseiten verwenden teilweise so genannte Cookies. Cookies richten auf Ihrem Rechner keinen Schaden an und enthalten keine Viren. Cookies dienen dazu, unser Angebot nutzerfreundlicher, effektiver und sicherer zu machen. Cookies sind kleine Textdateien, die auf Ihrem Rechner abgelegt werden und die Ihr Browser speichert.<br><br>Die meisten der von uns verwendeten Cookies sind so genannte \u201eSession-Cookies\u201c. Sie werden nach Ende Ihres Besuchs automatisch gel\u00f6scht. Andere Cookies bleiben auf Ihrem Endger\u00e4t gespeichert, bis Sie diese l\u00f6schen. Diese Cookies erm\u00f6glichen es uns, Ihren Browser beim n\u00e4chsten Besuch wiederzuerkennen.<br><br>Sie k\u00f6nnen Ihren Browser so einstellen, dass Sie \u00fcber das Setzen von Cookies informiert werden und Cookies nur im Einzelfall erlauben, die Annahme von Cookies f\u00fcr bestimmte F\u00e4lle oder generell ausschlie\u00dfen sowie das automatische L\u00f6schen der Cookies beim Schlie\u00dfen des Browser aktivieren. Bei der Deaktivierung von Cookies kann die Funktionalit\u00e4t dieser Website eingeschr\u00e4nkt sein.<\/p>\n\n\n\n<p class=\"fat\">KONTAKTFORMULAR<\/p>\n\n\n\n<p>Wenn Sie uns per Kontaktformular Anfragen zukommen lassen, werden Ihre Angaben aus dem Anfrageformular inklusive der von Ihnen dort angegebenen Kontaktdaten zwecks Bearbeitung der Anfrage und f\u00fcr den Fall von Anschlussfragen bei uns gespeichert. Diese Daten geben wir nicht ohne Ihre Einwilligung weiter.<\/p>\n\n\n\n<p class=\"fat\">NEWSLETTERDATEN<\/p>\n\n\n\n<p>Wenn Sie den auf der Website angebotenen Newsletter beziehen m\u00f6chten, ben\u00f6tigen wir von Ihnen eine E-Mail-Adresse sowie Informationen, welche uns die \u00dcberpr\u00fcfung gestatten, dass Sie der Inhaber der angegebenen E-Mail-Adresse sind und mit dem Empfang des Newsletters einverstanden sind. Weitere Daten werden nicht erhoben. Diese Daten verwenden wir ausschlie\u00dflich f\u00fcr den Versand der angeforderten Informationen und geben sie nicht an Dritte weiter.<br><br>Die erteilte Einwilligung zur Speicherung der Daten, der E-Mail-Adresse sowie deren Nutzung zum Versand des Newsletters k\u00f6nnen Sie jederzeit widerrufen, etwa \u00fcber den \u201eAustragen\u201c-Link im Newsletter.<\/p>\n\n\n\n<p class=\"fat\">Google Analytics<\/p>\n\n\n\n<p>Diese Website nutzt Funktionen des Webanalysedienstes Google Analytics. Anbieter ist die Google Inc., 1600 Amphitheatre Parkway Mountain View, CA 94043, USA.<br><br>Google Analytics verwendet so genannte \u201eCookies\u201c. Das sind Textdateien, die auf Ihrem Computer gespeichert werden und die eine Analyse der Benutzung der Website durch Sie erm\u00f6glichen. Die durch den Cookie erzeugten Informationen \u00fcber Ihre Benutzung dieser Website werden in der Regel an einen Server von Google in den USA \u00fcbertragen und dort gespeichert.Google Analytics verwendet so genannte \u201eCookies\u201c. Das sind Textdateien, die auf Ihrem Computer gespeichert werden und die eine Analyse der Benutzung der Website durch Sie erm\u00f6glichen. Die durch den Cookie erzeugten Informationen \u00fcber Ihre Benutzung dieser Website werden in der Regel an einen Server von Google in den USA \u00fcbertragen und dort gespeichert.<\/p>\n\n\n\n<p class=\"fat\">Browser Plugin<\/p>\n\n\n\n<p>Sie k\u00f6nnen die Speicherung der Cookies durch eine entsprechende Einstellung Ihrer Browser-Software verhindern; wir weisen Sie jedoch darauf hin, dass Sie in diesem Fall gegebenenfalls nicht s\u00e4mtliche Funktionen dieser Website vollumf\u00e4nglich werden nutzen k\u00f6nnen. Sie k\u00f6nnen dar\u00fcber hinaus die Erfassung der durch den Cookie erzeugten und auf Ihre Nutzung der Website bezogenen Daten (inkl. Ihrer IP-Adresse) an Google sowie die Verarbeitung dieser Daten durch Google verhindern, indem Sie das unter dem folgenden Link verf\u00fcgbare Browser-Plugin herunterladen und installieren: <strong><a data-type=\"URL\" data-id=\"https:\/\/tools.google.com\/dlpage\/gaoptout?hl=de\" href=\"https:\/\/tools.google.com\/dlpage\/gaoptout?hl=de\">Plugin Link<\/a><\/strong><\/p>\n\n\n\n<p class=\"fat\">Einbindung von Google Tag Manager<\/p>\n\n\n\n<p>Auf dieser Webseite wird der Google Tag Manager eingesetzt. Der Google Tag Manager ist eine L\u00f6sung von Google LLC, mit der Unternehmen Website-Tags \u00fcber eine Oberfl\u00e4che verwalten k\u00f6nnen. Bei dem Google Tag Manager handelt es sich um eine cookielose Domain, die keine personenbezogenen Daten erfasst. Der Google Tag Manager sorgt f\u00fcr die Ausl\u00f6sung anderer Tags, die ihrerseits unter Umst\u00e4nden Daten erfassen. Darauf weisen wir hiermit gesondert hin. Der Google Tag Manager greift nicht auf diese Daten zu. Sofern auf Domain- oder Cookie-Ebene eine Deaktivierung von dem Nutzer vorgenommen wurde, bleibt diese f\u00fcr alle Tracking-Tags bestehen, die mit Google Tag Manager implementiert werden.<br><br>Im Auftrag des Betreibers dieser Website wird Google diese Informationen benutzen, um Ihre Nutzung der Website auszuwerten, um Reports \u00fcber die Websiteaktivit\u00e4ten zusammenzustellen und um weitere mit der Websitenutzung und der Internetnutzung verbundene Dienstleistungen gegen\u00fcber dem Websitebetreiber zu erbringen. Dazu verwendet Google Pseudonyme. Die im Rahmen von Google Analytics von Ihrem Browser \u00fcbermittelte IP-Adresse wird nicht mit anderen Daten von Google zusammengef\u00fchrt.<br><br>Mehr Informationen zum Google Tag Manager finden Sie unter: <strong><a href=\"https:\/\/www.google.com\/?hl=tagmanager\">Google Tag Manager<\/a><\/strong> <\/p>\n","protected":false},"excerpt":{"rendered":"<p>Die Betreiber dieser Seiten nehmen den Schutz Ihrer Daten sehr ernst. Wir behandeln Ihre personenbezogenen Daten vertraulich und entsprechend der gesetzlichen Datenvorschriften sowie dieser Datenschutzerkl\u00e4rung. Die Nutzung unserer Website ist in der Regel ohne Angabe personenbezogener Daten m\u00f6glich. Soweit auf unseren Seiten personenbezogene Daten (beispielsweise Name, Anschrift oder E-Mail-Adressen) erhoben werden, erfolgt dies, soweit m\u00f6glich, [&hellip;]<\/p>\n","protected":false},"author":1,"featured_media":0,"parent":0,"menu_order":0,"comment_status":"closed","ping_status":"closed","template":"","meta":{"footnotes":""},"class_list":["post-125","page","type-page","status-publish","hentry"],"_links":{"self":[{"href":"https:\/\/harbour-brillen.de\/wandsbek\/wp-json\/wp\/v2\/pages\/125","targetHints":{"allow":["GET"]}}],"collection":[{"href":"https:\/\/harbour-brillen.de\/wandsbek\/wp-json\/wp\/v2\/pages"}],"about":[{"href":"https:\/\/harbour-brillen.de\/wandsbek\/wp-json\/wp\/v2\/types\/page"}],"author":[{"embeddable":true,"href":"https:\/\/harbour-brillen.de\/wandsbek\/wp-json\/wp\/v2\/users\/1"}],"replies":[{"embeddable":true,"href":"https:\/\/harbour-brillen.de\/wandsbek\/wp-json\/wp\/v2\/comments?post=125"}],"version-history":[{"count":5,"href":"https:\/\/harbour-brillen.de\/wandsbek\/wp-json\/wp\/v2\/pages\/125\/revisions"}],"predecessor-version":[{"id":187,"href":"https:\/\/harbour-brillen.de\/wandsbek\/wp-json\/wp\/v2\/pages\/125\/revisions\/187"}],"wp:attachment":[{"href":"https:\/\/harbour-brillen.de\/wandsbek\/wp-json\/wp\/v2\/media?parent=125"}],"curies":[{"name":"wp","href":"https:\/\/api.w.org\/{rel}","templated":true}]}}