

{"id":127,"date":"2022-04-27T13:05:17","date_gmt":"2022-04-27T13:05:17","guid":{"rendered":"https:\/\/harbour-brillen.de\/eppendorf\/?page_id=127"},"modified":"2023-07-27T09:58:35","modified_gmt":"2023-07-27T09:58:35","slug":"impressum","status":"publish","type":"page","link":"https:\/\/harbour-brillen.de\/eppendorf\/impressum\/","title":{"rendered":"Impressum"},"content":{"rendered":"\n<p>Angaben gem\u00e4\u00df \u00a7 5 TMG:<br><br><\/p>\n\n\n\n<p>Harbour Optik c\/o Pietron GmbH <br>Eppendorfer Weg 274 <br>20251 Hamburg<\/p>\n\n\n\n<p class=\"fat\">FIRMENSITZ:<\/p>\n\n\n\n<p>Im Wirrwinkel 47 <br>23879 M\u00f6lln<\/p>\n\n\n\n<p class=\"fat\">VERTRETEN DURCH:<\/p>\n\n\n\n<p>Lukas Pietron<\/p>\n\n\n\n<p class=\"fat\">KONTAKT:<\/p>\n\n\n\n<p>Tel.: 040 484 483<\/p>\n\n\n\n<div class=\"wp-block-columns visitenkarte has-background is-layout-flex wp-container-core-columns-is-layout-9d6595d7 wp-block-columns-is-layout-flex\" style=\"background-color:#fafafa\">\n<div class=\"wp-block-column is-layout-flow wp-block-column-is-layout-flow\">\n<p>Webdesign, Programmierung und Hosting:<\/p>\n\n\n\n<figure class=\"wp-block-image size-full\"><a href=\"https:\/\/www.marketport.de\" target=\"_blank\" rel=\"noreferrer noopener\"><img loading=\"lazy\" decoding=\"async\" width=\"146\" height=\"52\" src=\"https:\/\/harbour-brillen.de\/eppendorf\/wp-content\/uploads\/2023\/07\/MP_Logo_intern.png\" alt=\"\" class=\"wp-image-165\"\/><\/a><\/figure>\n\n\n\n<p>Splieterstra\u00dfe 27 <br>48231 Warendorf<\/p>\n\n\n\n<p>+49 (0) 2581 949 33 60<br><a rel=\"noreferrer noopener\" href=\"http:\/\/www.marketport.de\" target=\"_blank\">www.marketport.de<\/a><\/p>\n<\/div>\n<\/div>\n\n\n\n<p class=\"fat\">REGISTEREINTRAG:<\/p>\n\n\n\n<p>Eintragung im Handelsregister. <br>Registergericht: Amtsgericht L\u00fcbeck <br>Registernummer: HRB 12264 HL<\/p>\n\n\n\n<p class=\"fat\">UMSATZSTEUER:<\/p>\n\n\n\n<p>Umsatzsteuer-Identifikationsnummer gem\u00e4\u00df \u00a727 a Umsatzsteuergesetz: <br>DE283791525<\/p>\n\n\n\n<p class=\"fat\">STREITSCHLICHTUNG<\/p>\n\n\n\n<p>Die Europ\u00e4ische Kommission stellt eine Plattform zur Online-Streitbeilegung (OS) bereit: https:\/\/ec.europa.eu\/consumers\/odr Unsere E-Mail-Adresse finden Sie oben im Impressum. Wir sind nicht bereit oder verpflichtet, an Streitbeilegungsverfahren vor einer Verbraucherschlichtungsstelle teilzunehmen.<\/p>\n\n\n\n<p class=\"fat\">HAFTUNG F\u00dcR INHALTE<\/p>\n\n\n\n<p>Verpflichtungen zur Entfernung oder Sperrung der Nutzung von Informationen nach den allgemeinen Gesetzen bleiben hiervon unber\u00fchrt. Eine diesbez\u00fcgliche Haftung ist jedoch erst ab dem Zeitpunkt der Kenntnis einer konkreten Rechtsverletzung m\u00f6glich. Bei Bekanntwerden von entsprechenden Rechtsverletzungen werden wir diese Inhalte umgehend entfernen.<\/p>\n\n\n\n<p class=\"fat\">HAFTUNG F\u00dcR LINKS<\/p>\n\n\n\n<p>Eine permanente inhaltliche Kontrolle der verlinkten Seiten ist jedoch ohne konkrete Anhaltspunkte einer Rechtsverletzung nicht zumutbar. Bei Bekanntwerden von Rechtsverletzungen werden wir derartige Links umgehend entfernen.<\/p>\n\n\n\n<p class=\"fat\">URHEBERRECHT<\/p>\n\n\n\n<p>Soweit die Inhalte auf dieser Seite nicht vom Betreiber erstellt wurden, werden die Urheberrechte Dritter beachtet. Insbesondere werden Inhalte Dritter als solche gekennzeichnet. Sollten Sie trotzdem auf eine Urheberrechtsverletzung aufmerksam werden, bitten wir um einen entsprechenden Hinweis. Bei Bekanntwerden von Rechtsverletzungen werden wir derartige Inhalte umgehend entfernen.<\/p>\n\n\n\n<p class=\"fat\">BILDRECHTE:<\/p>\n\n\n\n<p>HARBOUR, JH Photography, Ren\u00e9 Sievert Photographie, <a href=\"http:\/\/www.gouverneur-audigier.com\/\">www.gouverneur-audigier.fr<\/a><\/p>\n","protected":false},"excerpt":{"rendered":"<p>Angaben gem\u00e4\u00df \u00a7 5 TMG: Harbour Optik c\/o Pietron GmbH Eppendorfer Weg 274 20251 Hamburg FIRMENSITZ: Im Wirrwinkel 47 23879 M\u00f6lln VERTRETEN DURCH: Lukas Pietron KONTAKT: Tel.: 040 484 483 Webdesign, Programmierung und Hosting: Splieterstra\u00dfe 27 48231 Warendorf +49 (0) 2581 949 33 60www.marketport.de REGISTEREINTRAG: Eintragung im Handelsregister. Registergericht: Amtsgericht L\u00fcbeck Registernummer: HRB 12264 HL [&hellip;]<\/p>\n","protected":false},"author":1,"featured_media":0,"parent":0,"menu_order":0,"comment_status":"closed","ping_status":"closed","template":"","meta":{"footnotes":""},"class_list":["post-127","page","type-page","status-publish","hentry"],"_links":{"self":[{"href":"https:\/\/harbour-brillen.de\/eppendorf\/wp-json\/wp\/v2\/pages\/127","targetHints":{"allow":["GET"]}}],"collection":[{"href":"https:\/\/harbour-brillen.de\/eppendorf\/wp-json\/wp\/v2\/pages"}],"about":[{"href":"https:\/\/harbour-brillen.de\/eppendorf\/wp-json\/wp\/v2\/types\/page"}],"author":[{"embeddable":true,"href":"https:\/\/harbour-brillen.de\/eppendorf\/wp-json\/wp\/v2\/users\/1"}],"replies":[{"embeddable":true,"href":"https:\/\/harbour-brillen.de\/eppendorf\/wp-json\/wp\/v2\/comments?post=127"}],"version-history":[{"count":10,"href":"https:\/\/harbour-brillen.de\/eppendorf\/wp-json\/wp\/v2\/pages\/127\/revisions"}],"predecessor-version":[{"id":169,"href":"https:\/\/harbour-brillen.de\/eppendorf\/wp-json\/wp\/v2\/pages\/127\/revisions\/169"}],"wp:attachment":[{"href":"https:\/\/harbour-brillen.de\/eppendorf\/wp-json\/wp\/v2\/media?parent=127"}],"curies":[{"name":"wp","href":"https:\/\/api.w.org\/{rel}","templated":true}]}}